{"id":933,"date":"2020-08-04T10:54:41","date_gmt":"2020-08-04T08:54:41","guid":{"rendered":"https:\/\/staging.katharina-werk.org\/?page_id=933"},"modified":"2023-09-14T02:28:49","modified_gmt":"2023-09-14T00:28:49","slug":"project-peace","status":"publish","type":"page","link":"https:\/\/katharina-werk.org\/en\/netzwerk\/project-peace\/","title":{"rendered":"Project Peace"},"content":{"rendered":"<style type=\"text\/css\" data-created_by=\"avia_inline_auto\" id=\"style-css-av-xbozp-00088c0379800f98381b177669ab091e\">\n.avia-section.av-xbozp-00088c0379800f98381b177669ab091e{\nbackground-repeat:no-repeat;\nbackground-image:url(https:\/\/katharina-werk.org\/wp-content\/uploads\/2020\/10\/DSC_0752-scaled_a.jpg);\nbackground-position:50% 50%;\nbackground-attachment:scroll;\n}\n.avia-section.av-xbozp-00088c0379800f98381b177669ab091e .av-section-color-overlay{\nopacity:0.2;\nbackground-color:#000000;\n}\n<\/style>\n<div id='av_section_1'  class='avia-section av-xbozp-00088c0379800f98381b177669ab091e main_color avia-section-default avia-no-border-styling  avia-builder-el-0  el_before_av_section  avia-builder-el-first  avia-full-stretch avia-bg-style-scroll av-section-color-overlay-active container_wrap fullsize'  data-section-bg-repeat='stretch'><div class=\"av-section-color-overlay-wrap\"><div class=\"av-section-color-overlay\"><\/div><div class='container av-section-cont-open' ><main  role=\"main\" itemprop=\"mainContentOfPage\"  class='template-page content  av-content-full alpha units'><div class='post-entry post-entry-type-page post-entry-933'><div class='entry-content-wrapper clearfix'>\n\n<style type=\"text\/css\" data-created_by=\"avia_inline_auto\" id=\"style-css-av-kfzjg536-c3d9a04edeb5480ab3f7597e9b226c38\">\n#top .av-special-heading.av-kfzjg536-c3d9a04edeb5480ab3f7597e9b226c38{\npadding-bottom:10px;\ncolor:#ffffff;\nfont-size:50px;\n}\nbody .av-special-heading.av-kfzjg536-c3d9a04edeb5480ab3f7597e9b226c38 .av-special-heading-tag .heading-char{\nfont-size:25px;\n}\n#top #wrap_all .av-special-heading.av-kfzjg536-c3d9a04edeb5480ab3f7597e9b226c38 .av-special-heading-tag{\nfont-size:50px;\n}\n.av-special-heading.av-kfzjg536-c3d9a04edeb5480ab3f7597e9b226c38 .special-heading-inner-border{\nborder-color:#ffffff;\n}\n.av-special-heading.av-kfzjg536-c3d9a04edeb5480ab3f7597e9b226c38 .av-subheading{\nfont-size:15px;\n}\n\n@media only screen and (min-width: 480px) and (max-width: 767px){ \n#top #wrap_all .av-special-heading.av-kfzjg536-c3d9a04edeb5480ab3f7597e9b226c38 .av-special-heading-tag{\nfont-size:0.8em;\n}\n}\n\n@media only screen and (max-width: 479px){ \n#top #wrap_all .av-special-heading.av-kfzjg536-c3d9a04edeb5480ab3f7597e9b226c38 .av-special-heading-tag{\nfont-size:0.8em;\n}\n}\n<\/style>\n<div  class='av-special-heading av-kfzjg536-c3d9a04edeb5480ab3f7597e9b226c38 av-special-heading-h3 custom-color-heading blockquote modern-quote modern-centered  avia-builder-el-1  el_before_av_hr  avia-builder-el-first  av-inherit-size'><h3 class='av-special-heading-tag'  itemprop=\"headline\"  >Project Peace<\/h3><div class=\"special-heading-border\"><div class=\"special-heading-inner-border\"><\/div><\/div><\/div>\n\n<style type=\"text\/css\" data-created_by=\"avia_inline_auto\" id=\"style-css-av-kdfp2dqw-745f60d7bc6018a5fb3822ce7fece055\">\n#top .hr.av-kdfp2dqw-745f60d7bc6018a5fb3822ce7fece055{\nmargin-top:30px;\nmargin-bottom:30px;\n}\n.hr.av-kdfp2dqw-745f60d7bc6018a5fb3822ce7fece055 .hr-inner{\nwidth:50 %;\nborder-color:#ffb300;\n}\n<\/style>\n<div  class='hr av-kdfp2dqw-745f60d7bc6018a5fb3822ce7fece055 hr-custom  avia-builder-el-2  el_after_av_heading  avia-builder-el-last  hr-center hr-icon-no'><span class='hr-inner inner-border-av-border-fat'><span class=\"hr-inner-style\"><\/span><\/span><\/div>\n\n<\/div><\/div><\/main><!-- close content main element --><\/div><\/div><\/div><div id='av_section_2'  class='avia-section av-slynh-61d87b267da60d45d8fde39d7abead9a main_color avia-section-default avia-no-border-styling  avia-builder-el-3  el_after_av_section  avia-builder-el-last  avia-bg-style-scroll container_wrap fullsize'  ><div class='container av-section-cont-open' ><div class='template-page content  av-content-full alpha units'><div class='post-entry post-entry-type-page post-entry-933'><div class='entry-content-wrapper clearfix'>\n\n<style type=\"text\/css\" data-created_by=\"avia_inline_auto\" id=\"style-css-av-jmbf1-0efd4f95887eefc00fb96b131f65c2d7\">\n.flex_column.av-jmbf1-0efd4f95887eefc00fb96b131f65c2d7{\nborder-radius:0px 0px 0px 0px;\npadding:0px 0px 0px 0px;\n}\n<\/style>\n<div  class='flex_column av-jmbf1-0efd4f95887eefc00fb96b131f65c2d7 av_two_third  avia-builder-el-4  el_before_av_one_third  avia-builder-el-first  first flex_column_div av-zero-column-padding'     ><section  class='av_textblock_section av-kdfpi0ru-ef846f13cf245edc8516a9edbaa12cb3'   itemscope=\"itemscope\" itemtype=\"https:\/\/schema.org\/CreativeWork\" ><div class='avia_textblock'  itemprop=\"text\" ><p align=\"JUSTIFY\"><a href=\"http:\/\/projectpeace.de\/\" target=\"_blank\" rel=\"noopener\"><strong>project peace<\/strong><\/a> war ein elfmonatiger Bildungs- und Erfahrungsraum f\u00fcr junge Menschen (18-25 Jahre alt) f\u00fcr Frieden, \u00d6kologie und Kulturwandel. Es wurde von Beginn an gemeinsam mit jungen Menschen entwickelt. Im Zusammenleben in der Gemeinschaft und im Alltag erforschten sie, wie innerer Frieden, Pers\u00f6nlichkeitsentwicklung, Leben in Gemeinschaft und Spiritualit\u00e4t zusammenkommen k\u00f6nnen mit \u00e4u\u00dferem Frieden, Aktivismus und gesellschaftlich-politischem Beitragen in der Welt. So verbanden sie das Bed\u00fcrfnis nach innerer Entwicklung mit den dr\u00e4ngenden Fragen unserer Zeit: Was ist mein Weg, meine Aufgabe und wie kann ich konstruktiv zu einer lebensf\u00f6rdernden, weltoffenen Gesellschaft beitragen?<\/p>\n<p align=\"JUSTIFY\">Die Gruppe aus bis zu 15 Menschen lebte zusammen in unserem Haus, der villa damai, in der Gemeinschaft Sulzbrunn im Oberallg\u00e4u und wurde in individuellen Herausforderungen und solchen der Gruppe begleitet.<\/p>\n<h4 class=\"av-special-heading-tag\"><span class=\"special_amp\">\u201e<\/span>THE FUTURE IS NOT OUT THERE IN FRONT OF US, BUT INSIDE US.<span class=\"special_amp\">\u201c<\/span><\/h4>\n<p>Joana Macy<\/p>\n<h2>Project Peace im Kino:<\/h2>\n<div hcb-fetch-image-from=\"https:\/\/vimeo.com\/ondemand\/dasstilleleuchten\/259128304\" class='avia-iframe-wrap'><iframe loading=\"lazy\" title=\"Das stille Leuchten - Die Wiedereroberung der Gegenwart\" src=\"https:\/\/player.vimeo.com\/video\/259128304?dnt=1&amp;app_id=122963\" width=\"1500\" height=\"844\" frameborder=\"0\" allow=\"autoplay; fullscreen; picture-in-picture\"><\/iframe><\/div>\n<\/div><\/section><br \/>\n\n<style type=\"text\/css\" data-created_by=\"avia_inline_auto\" id=\"style-css-av-kkb57qx4-99ba8cc8bcabae34c682afb4b9153b79\">\n.avia-video.av-kkb57qx4-99ba8cc8bcabae34c682afb4b9153b79{\nbackground-image:url(https:\/\/katharina-werk.org\/wp-content\/uploads\/2021\/01\/gemeinschaftsversammlung-versprechensfeier-07-030-Kopie-1-300x600.jpg);\n}\n<\/style>\n<div  class='avia-video av-kkb57qx4-99ba8cc8bcabae34c682afb4b9153b79 avia-video-16-9 av-preview-image avia-video-load-always av-lazyload-immediate av-lazyload-video-embed'  itemprop=\"video\" itemtype=\"https:\/\/schema.org\/VideoObject\"  data-original_url='https:\/\/youtu.be\/gaV8EZcr2K8'><script type='text\/html' class='av-video-tmpl'><div hcb-fetch-image-from=\"https:\/\/youtu.be\/gaV8EZcr2K8\" class='avia-iframe-wrap'><iframe loading=\"lazy\" title=\"Pioneers of Education Trailer Adelheid Tlach Eickhoff DE\" width=\"1500\" height=\"844\" src=\"https:\/\/www.youtube.com\/embed\/gaV8EZcr2K8?feature=oembed&autoplay=0&loop=0&controls=1&mute=0\" frameborder=\"0\" allow=\"accelerometer; autoplay; clipboard-write; encrypted-media; gyroscope; picture-in-picture\" allowfullscreen><\/iframe><\/div><\/script><div class='av-click-to-play-overlay'><div class=\"avia_playpause_icon\"><\/div><\/div><\/div><\/p><\/div>\n<style type=\"text\/css\" data-created_by=\"avia_inline_auto\" id=\"style-css-av-even1-78f5100f2e9a692be752d1831c21c236\">\n.flex_column.av-even1-78f5100f2e9a692be752d1831c21c236{\nborder-radius:0px 0px 0px 0px;\npadding:0px 0px 0px 0px;\n}\n<\/style>\n<div  class='flex_column av-even1-78f5100f2e9a692be752d1831c21c236 av_one_third  avia-builder-el-7  el_after_av_two_third  avia-builder-el-last  flex_column_div av-zero-column-padding'     ><p>\n<style type=\"text\/css\" data-created_by=\"avia_inline_auto\" id=\"style-css-av-kkb4elfq-7cb9098925cc57ae9d390db8ec26bf50\">\n.av_font_icon.av-kkb4elfq-7cb9098925cc57ae9d390db8ec26bf50 .av-icon-char{\nfont-size:40px;\nline-height:40px;\n}\n<\/style>\n<span  class='av_font_icon av-kkb4elfq-7cb9098925cc57ae9d390db8ec26bf50 avia_animate_when_visible av-icon-style- avia-icon-pos-center av-no-color avia-icon-animate'><a href='https:\/\/projectpeace.de\/ueberblick\/'  target=\"_blank\"  rel=\"noopener noreferrer\"  class='av-icon-char' aria-hidden='false' data-av_icon='\ue821' data-av_iconfont='entypo-fontello' data-avia-icon-tooltip=\"&lt;br \/&gt;Zur Homepage von project peace&lt;br \/&gt;\"><\/a><\/span><br \/>\n<section  class='av_textblock_section av-84jky-201614ba14405004e7f25654924d1427'   itemscope=\"itemscope\" itemtype=\"https:\/\/schema.org\/CreativeWork\" ><div class='avia_textblock'  itemprop=\"text\" ><p><strong>Die letzten Beitr\u00e4ge:<\/strong><\/p>\n<\/div><\/section><br \/>\n<div  id=\"avia-magazine-1\"  class='av-magazine av-kkb4chh5-6e62d7724604cff2ed70e8d4c5db22f1 av-magazine-top-bar-active av-magazine-tabs-active  avia-builder-el-10  el_after_av_textblock  el_before_av_textblock   avia-builder-el-10  el_after_av_textblock  el_before_av_textblock' ><div class='av-magazine-top-bar'><\/div><div class='av-magazine-group sort_all'><article class='av-magazine-entry av-magazine-entry-id-5401 av-magazine-format-standard av-magazine-type-post av-magazine-entry-1 av-magazine-entry-small'  itemscope=\"itemscope\" itemtype=\"https:\/\/schema.org\/CreativeWork\" ><div class=\"av-magazine-thumbnail\"><a href='https:\/\/katharina-werk.org\/en\/neustart-in-sicht\/' title='Link to: Neustart in Sicht' class='av-magazine-thumbnail-link'><img decoding=\"async\" fetchpriority=\"high\" width=\"80\" height=\"80\" src=\"https:\/\/katharina-werk.org\/wp-content\/uploads\/2014\/08\/group-of-friends-outdoors-m-80x80.jpg\" class=\"wp-image-331 avia-img-lazy-loading-not-331 attachment-thumbnail size-thumbnail wp-post-image\" alt=\"\" srcset=\"https:\/\/katharina-werk.org\/wp-content\/uploads\/2014\/08\/group-of-friends-outdoors-m-80x80.jpg 80w, https:\/\/katharina-werk.org\/wp-content\/uploads\/2014\/08\/group-of-friends-outdoors-m-36x36.jpg 36w, https:\/\/katharina-werk.org\/wp-content\/uploads\/2014\/08\/group-of-friends-outdoors-m-180x180.jpg 180w\" sizes=\"(max-width: 80px) 100vw, 80px\" \/><\/a><\/div><div class=\"av-magazine-content-wrap\"><header class=\"entry-content-header\" aria-label=\"Post: Neustart in Sicht\"><time class='av-magazine-time updated'  itemprop=\"datePublished\" datetime=\"2022-04-27T01:11:50+02:00\" >27. April 2022<\/time><span class=\"av-magazine-author-wrap\"><span class=\"av-magazine-text-sep text-sep-date\">\/<\/span><span class=\"av-magazine-author minor-meta\">by <span class=\"av-magazine-author-link\"  itemprop=\"author\" ><span class=\"av-magazine-author meta-color author\"><span class=\"fn\"><a href=\"https:\/\/katharina-werk.org\/en\/author\/slaumen\/\" title=\"by Sylvia Laumen\" rel=\"author\">Sylvia Laumen<\/a><\/span><\/span><\/span><\/span><\/span><span class=\"av-magazine-cats-wrap\"><span class=\"av-magazine-text-sep text-sep-cats\">In<\/span><span class=\"av-magazine-cats minor-meta\"><a href=\"https:\/\/katharina-werk.org\/en\/category\/netzwerk\/\" rel=\"tag\">Network<\/a>, <a href=\"https:\/\/katharina-werk.org\/en\/category\/projekte\/projectpeace\/\" rel=\"tag\">project peace<\/a>, <a href=\"https:\/\/katharina-werk.org\/en\/category\/startseite\/\" rel=\"tag\">Startseite<\/a> <\/span><\/span><h3 class='av-magazine-title entry-title'  itemprop=\"headline\" ><a href='https:\/\/katharina-werk.org\/en\/neustart-in-sicht\/' title='Link to: Neustart in Sicht'>Neustart in Sicht<\/a><\/h3><\/header><\/div><footer class=\"entry-footer\"><\/footer><\/article><article class='av-magazine-entry av-magazine-entry-id-4805 av-magazine-format-standard av-magazine-type-post av-magazine-entry-2 av-magazine-entry-small'  itemscope=\"itemscope\" itemtype=\"https:\/\/schema.org\/CreativeWork\" ><div class=\"av-magazine-thumbnail\"><a href='https:\/\/katharina-werk.org\/en\/katharina-network-international\/' title='Link to: Katharina-Network-International' class='av-magazine-thumbnail-link'><img decoding=\"async\" fetchpriority=\"high\" width=\"80\" height=\"80\" src=\"https:\/\/katharina-werk.org\/wp-content\/uploads\/2021\/02\/Hands-holding-globe-80x80.jpg\" class=\"wp-image-2546 avia-img-lazy-loading-not-2546 attachment-thumbnail size-thumbnail wp-post-image\" alt=\"\" srcset=\"https:\/\/katharina-werk.org\/wp-content\/uploads\/2021\/02\/Hands-holding-globe-80x80.jpg 80w, https:\/\/katharina-werk.org\/wp-content\/uploads\/2021\/02\/Hands-holding-globe-36x36.jpg 36w, https:\/\/katharina-werk.org\/wp-content\/uploads\/2021\/02\/Hands-holding-globe-180x180.jpg 180w\" sizes=\"(max-width: 80px) 100vw, 80px\" \/><\/a><\/div><div class=\"av-magazine-content-wrap\"><header class=\"entry-content-header\" aria-label=\"Post: Katharina-Network-International\"><time class='av-magazine-time updated'  itemprop=\"datePublished\" datetime=\"2021-12-13T22:16:39+01:00\" >13. December 2021<\/time><span class=\"av-magazine-author-wrap\"><span class=\"av-magazine-text-sep text-sep-date\">\/<\/span><span class=\"av-magazine-author minor-meta\">by <span class=\"av-magazine-author-link\"  itemprop=\"author\" ><span class=\"av-magazine-author meta-color author\"><span class=\"fn\"><a href=\"https:\/\/katharina-werk.org\/en\/author\/slaumen\/\" title=\"by Sylvia Laumen\" rel=\"author\">Sylvia Laumen<\/a><\/span><\/span><\/span><\/span><\/span><span class=\"av-magazine-cats-wrap\"><span class=\"av-magazine-text-sep text-sep-cats\">In<\/span><span class=\"av-magazine-cats minor-meta\"><a href=\"https:\/\/katharina-werk.org\/en\/category\/freundeskreis\/\" rel=\"tag\">Circle of Friends<\/a>, <a href=\"https:\/\/katharina-werk.org\/en\/category\/projekte\/religionen\/\" rel=\"tag\">Interreligious Dialogue<\/a>, <a href=\"https:\/\/katharina-werk.org\/en\/category\/projekte\/jahreskurs\/\" rel=\"tag\">Formation Course<\/a>, <a href=\"https:\/\/katharina-werk.org\/en\/category\/projekte\/juniainitiative\/\" rel=\"tag\">Juniainitiative<\/a>, <a href=\"https:\/\/katharina-werk.org\/en\/category\/netzwerk\/\" rel=\"tag\">Network<\/a>, <a href=\"https:\/\/katharina-werk.org\/en\/category\/news\/\" rel=\"tag\">News<\/a>, <a href=\"https:\/\/katharina-werk.org\/en\/category\/projekte\/oekumene\/\" rel=\"tag\">Ecumenism<\/a>, <a href=\"https:\/\/katharina-werk.org\/en\/category\/projekte\/philippines\/\" rel=\"tag\">Philippinen<\/a>, <a href=\"https:\/\/katharina-werk.org\/en\/category\/projekte\/projectpeace\/\" rel=\"tag\">project peace<\/a>, <a href=\"https:\/\/katharina-werk.org\/en\/category\/projekte\/\" rel=\"tag\">Projekte<\/a>, <a href=\"https:\/\/katharina-werk.org\/en\/category\/projekte\/sop\/\" rel=\"tag\">Sounds of Palestine<\/a>, <a href=\"https:\/\/katharina-werk.org\/en\/category\/startseite\/\" rel=\"tag\">Startseite<\/a>, <a href=\"https:\/\/katharina-werk.org\/en\/category\/uncategorized\/\" rel=\"tag\">Uncategorized<\/a>, <a href=\"https:\/\/katharina-werk.org\/en\/category\/viaintegralis\/\" rel=\"tag\">Via Integralis<\/a> <\/span><\/span><h3 class='av-magazine-title entry-title'  itemprop=\"headline\" ><a href='https:\/\/katharina-werk.org\/en\/katharina-network-international\/' title='Link to: Katharina-Network-International'>Katharina-Network-International<\/a><\/h3><\/header><\/div><footer class=\"entry-footer\"><\/footer><\/article><article class='av-magazine-entry av-magazine-entry-id-3981 av-magazine-format-standard av-magazine-type-post av-magazine-entry-3 av-magazine-entry-small'  itemscope=\"itemscope\" itemtype=\"https:\/\/schema.org\/CreativeWork\" ><div class=\"av-magazine-thumbnail\"><a href='https:\/\/katharina-werk.org\/en\/internationales-pfingsttreffen\/' title='Link to: Internationales Pfingsttreffen' class='av-magazine-thumbnail-link'><img decoding=\"async\" fetchpriority=\"high\" width=\"80\" height=\"80\" src=\"https:\/\/katharina-werk.org\/wp-content\/uploads\/2021\/05\/2019-06-10-12.01.54-80x80.jpg\" class=\"wp-image-3982 avia-img-lazy-loading-not-3982 attachment-thumbnail size-thumbnail wp-post-image\" alt=\"\" srcset=\"https:\/\/katharina-werk.org\/wp-content\/uploads\/2021\/05\/2019-06-10-12.01.54-80x80.jpg 80w, https:\/\/katharina-werk.org\/wp-content\/uploads\/2021\/05\/2019-06-10-12.01.54-36x36.jpg 36w, https:\/\/katharina-werk.org\/wp-content\/uploads\/2021\/05\/2019-06-10-12.01.54-180x180.jpg 180w\" sizes=\"(max-width: 80px) 100vw, 80px\" \/><\/a><\/div><div class=\"av-magazine-content-wrap\"><header class=\"entry-content-header\" aria-label=\"Post: Internationales Pfingsttreffen\"><time class='av-magazine-time updated'  itemprop=\"datePublished\" datetime=\"2021-05-01T00:16:55+02:00\" >1. May 2021<\/time><span class=\"av-magazine-author-wrap\"><span class=\"av-magazine-text-sep text-sep-date\">\/<\/span><span class=\"av-magazine-author minor-meta\">by <span class=\"av-magazine-author-link\"  itemprop=\"author\" ><span class=\"av-magazine-author meta-color author\"><span class=\"fn\"><a href=\"https:\/\/katharina-werk.org\/en\/author\/slaumen\/\" title=\"by Sylvia Laumen\" rel=\"author\">Sylvia Laumen<\/a><\/span><\/span><\/span><\/span><\/span><span class=\"av-magazine-cats-wrap\"><span class=\"av-magazine-text-sep text-sep-cats\">In<\/span><span class=\"av-magazine-cats minor-meta\"><a href=\"https:\/\/katharina-werk.org\/en\/category\/projekte\/religionen\/\" rel=\"tag\">Interreligious Dialogue<\/a>, <a href=\"https:\/\/katharina-werk.org\/en\/category\/projekte\/oekumene\/\" rel=\"tag\">Ecumenism<\/a>, <a href=\"https:\/\/katharina-werk.org\/en\/category\/projekte\/philippines\/\" rel=\"tag\">Philippinen<\/a>, <a href=\"https:\/\/katharina-werk.org\/en\/category\/projekte\/projectpeace\/\" rel=\"tag\">project peace<\/a> <\/span><\/span><h3 class='av-magazine-title entry-title'  itemprop=\"headline\" ><a href='https:\/\/katharina-werk.org\/en\/internationales-pfingsttreffen\/' title='Link to: Internationales Pfingsttreffen'>Internationales Pfingsttreffen<\/a><\/h3><\/header><\/div><footer class=\"entry-footer\"><\/footer><\/article><article class='av-magazine-entry av-magazine-entry-id-155 av-magazine-format-standard av-magazine-type-post av-magazine-entry-4 av-magazine-entry-small'  itemscope=\"itemscope\" itemtype=\"https:\/\/schema.org\/CreativeWork\" ><div class=\"av-magazine-thumbnail\"><a href='https:\/\/katharina-werk.org\/en\/projectpeace2020\/' title='Link to: project peace &#8211; Newsletter' class='av-magazine-thumbnail-link'><img decoding=\"async\" fetchpriority=\"high\" width=\"80\" height=\"80\" src=\"https:\/\/katharina-werk.org\/wp-content\/uploads\/2014\/08\/happy-friends-together-m-80x80.jpg\" class=\"wp-image-332 avia-img-lazy-loading-not-332 attachment-thumbnail size-thumbnail wp-post-image\" alt=\"\" srcset=\"https:\/\/katharina-werk.org\/wp-content\/uploads\/2014\/08\/happy-friends-together-m-80x80.jpg 80w, https:\/\/katharina-werk.org\/wp-content\/uploads\/2014\/08\/happy-friends-together-m-36x36.jpg 36w, https:\/\/katharina-werk.org\/wp-content\/uploads\/2014\/08\/happy-friends-together-m-180x180.jpg 180w\" sizes=\"(max-width: 80px) 100vw, 80px\" \/><\/a><\/div><div class=\"av-magazine-content-wrap\"><header class=\"entry-content-header\" aria-label=\"Post: project peace - Newsletter\"><time class='av-magazine-time updated'  itemprop=\"datePublished\" datetime=\"2020-08-21T21:23:24+02:00\" >21. August 2020<\/time><span class=\"av-magazine-author-wrap\"><span class=\"av-magazine-text-sep text-sep-date\">\/<\/span><span class=\"av-magazine-author minor-meta\">by <span class=\"av-magazine-author-link\"  itemprop=\"author\" ><span class=\"av-magazine-author meta-color author\"><span class=\"fn\"><a href=\"https:\/\/katharina-werk.org\/en\/author\/slaumen\/\" title=\"by Sylvia Laumen\" rel=\"author\">Sylvia Laumen<\/a><\/span><\/span><\/span><\/span><\/span><span class=\"av-magazine-cats-wrap\"><span class=\"av-magazine-text-sep text-sep-cats\">In<\/span><span class=\"av-magazine-cats minor-meta\"><a href=\"https:\/\/katharina-werk.org\/en\/category\/projekte\/projectpeace\/\" rel=\"tag\">project peace<\/a> <\/span><\/span><h3 class='av-magazine-title entry-title'  itemprop=\"headline\" ><a href='https:\/\/katharina-werk.org\/en\/projectpeace2020\/' title='Link to: project peace &#8211; Newsletter'>project peace &#8211; Newsletter<\/a><\/h3><\/header><\/div><footer class=\"entry-footer\"><\/footer><\/article><\/div><\/div><br \/>\n<section  class='av_textblock_section av-6oz3p-9b4b2a216315d6a0d44d8c54a1b8f34d'   itemscope=\"itemscope\" itemtype=\"https:\/\/schema.org\/CreativeWork\" ><div class='avia_textblock'  itemprop=\"text\" ><blockquote>\n<p>\u201eDas Sch\u00f6nste an project peace ist f\u00fcr mich die Erfahrung, die ich in vielen Teilnehmer*innen wachsen sehen konnte: sich als Teil dieses gro\u00dfen sozial-\u00f6kologischen Lebensnetzes zu erfahren und sich zutrauen, einen Platz darin einzunehmen, der ganz bedingungslos f\u00fcr jeden Menschen vorhanden ist. Es macht mir Freude, immer mehr junge Menschen von dieser Basis aus ihr und unser gemeinsames Leben gestalten zu sehen!\u201c<\/p>\n<p>Anette Loy, ehemalige Leitung<\/p>\n<\/blockquote>\n<\/div><\/section><\/p><\/div>","protected":false},"excerpt":{"rendered":"","protected":false},"author":2,"featured_media":0,"parent":943,"menu_order":0,"comment_status":"closed","ping_status":"closed","template":"","meta":{"give_campaign_id":0,"footnotes":""},"class_list":["post-933","page","type-page","status-publish","hentry"],"campaignId":"","_links":{"self":[{"href":"https:\/\/katharina-werk.org\/en\/wp-json\/wp\/v2\/pages\/933","targetHints":{"allow":["GET"]}}],"collection":[{"href":"https:\/\/katharina-werk.org\/en\/wp-json\/wp\/v2\/pages"}],"about":[{"href":"https:\/\/katharina-werk.org\/en\/wp-json\/wp\/v2\/types\/page"}],"author":[{"embeddable":true,"href":"https:\/\/katharina-werk.org\/en\/wp-json\/wp\/v2\/users\/2"}],"replies":[{"embeddable":true,"href":"https:\/\/katharina-werk.org\/en\/wp-json\/wp\/v2\/comments?post=933"}],"version-history":[{"count":0,"href":"https:\/\/katharina-werk.org\/en\/wp-json\/wp\/v2\/pages\/933\/revisions"}],"up":[{"embeddable":true,"href":"https:\/\/katharina-werk.org\/en\/wp-json\/wp\/v2\/pages\/943"}],"wp:attachment":[{"href":"https:\/\/katharina-werk.org\/en\/wp-json\/wp\/v2\/media?parent=933"}],"curies":[{"name":"wp","href":"https:\/\/api.w.org\/{rel}","templated":true}]}}